{"id":1891,"date":"2025-11-14T15:29:23","date_gmt":"2025-11-14T15:29:23","guid":{"rendered":"https:\/\/baluna.katakoscreativo.com\/?post_type=product&#038;p=1891"},"modified":"2026-04-09T15:16:17","modified_gmt":"2026-04-09T15:16:17","slug":"carpigiani-lb-302-rtx-g-2","status":"publish","type":"product","link":"https:\/\/baluna.com\/es\/product\/carpigiani-lb-302-rtx-g-2\/","title":{"rendered":"Carpigiani LB 302 RTX G"},"content":{"rendered":"<p><strong>La Artesan\u00eda del Helado Reimaginada con la M\u00e1quina Carpigiani LB 302 RTX G<\/strong><\/p>\n<p>La<strong> Carpigiani LB 302 RTX G<\/strong> representa la fusi\u00f3n perfecta de la tradici\u00f3n artesanal con la tecnolog\u00eda de punta en la industria de los helados. Este cl\u00e1sico de Carpigiani ha sido dise\u00f1ado para los empresarios emergentes y los establecimientos consolidados que buscan ofrecer productos congelados de bajo overrun, como gelatos, sorbetes, helados premium y custard, manteniendo la calidad y la consistencia que los clientes esperan.<\/p>\n<p><strong>Rendimiento y calidad superior:<\/strong><\/p>\n<p>La tecnolog\u00eda patentada <strong>Hard-O-Dynamic<\/strong> de la <strong>Carpigiani LB 302 RTX G<\/strong> garantiza la consistencia deseada con cualquier tama\u00f1o de lote. Los controles electr\u00f3nicos avanzados mantienen el producto en condiciones \u00f3ptimas hasta que comienza la extracci\u00f3n, asegurando una textura y sabor excepcionales en cada servicio. Adem\u00e1s, el batidor, dise\u00f1ado para resistir temperaturas extremas, cuenta con raspadores autoajustables que facilitan una extracci\u00f3n completa, maximizando as\u00ed la eficiencia y la calidad del producto final.<\/p>\n<p><strong>Dise\u00f1ada para el \u00e9xito empresarial:<\/strong><\/p>\n<p>El modelo<strong> LB 302 RTX G<\/strong> es la soluci\u00f3n ideal para aquellos que inician su camino en el negocio de los postres congelados, as\u00ed como para los profesionales que buscan expandir su oferta culinaria. Su facilidad de uso y la capacidad de producir consistentemente helados de calidad artesanal permiten a los operadores enfocarse en la creatividad y la innovaci\u00f3n, sin preocuparse por las complejidades t\u00e9cnicas de la producci\u00f3n.<\/p>\n<p><strong>Flexibilidad y versatilidad:<\/strong><\/p>\n<p>Ya sea que est\u00e9s creando cl\u00e1sicos sabores de gelato o explorando nuevas tendencias en postres congelados, la <strong>Carpigiani LB 302 RTX G<\/strong> se adapta a todas las necesidades. Su versatilidad permite trabajar con una amplia gama de ingredientes y recetas, ofreciendo la posibilidad de experimentar y personalizar cada oferta para satisfacer los gustos y preferencias de cada cliente.<\/p>\n<p><strong>Compromiso con la sostenibilidad:<\/strong><\/p>\n<p>En un mercado cada vez m\u00e1s consciente del medio ambiente, la <strong>Carpigiani LB 302 RTX G<\/strong> destaca por su eficiencia energ\u00e9tica y su dise\u00f1o orientado a minimizar el desperdicio. Cada componente ha sido pensado para garantizar el menor impacto ambiental, desde el consumo de energ\u00eda hasta la utilizaci\u00f3n de materiales sostenibles, lo que refleja el compromiso de la marca con la responsabilidad ecol\u00f3gica.<\/p>\n<p>Descargar <a href=\"http:\/\/baluna.com\/wp-content\/uploads\/2023\/11\/LB-302-RTX-G_06-2022_Standard-US_LR.pdf\">Spec Sheet<\/a><\/p>\n","protected":false},"excerpt":{"rendered":"<p>Este cl\u00e1sico de Carpigiani ha sido dise\u00f1ado para los empresarios emergentes y los establecimientos consolidados que buscan ofrecer productos congelados de bajo overrun, como gelatos, sorbetes, helados premium y custard, manteniendo la calidad y la consistencia que los clientes esperan.<\/p>\n","protected":false},"featured_media":3581,"comment_status":"open","ping_status":"closed","template":"","meta":[],"product_brand":[],"product_cat":[605,35,606],"product_tag":[513,37,502,26,27,515,44,527,41],"class_list":{"0":"post-1891","1":"product","2":"type-product","3":"status-publish","4":"has-post-thumbnail","6":"product_cat-equipos","7":"product_cat-gelato","8":"product_cat-produccion","9":"product_tag-208-230-voltios","10":"product_tag-3-fases","11":"product_tag-35-amperios","12":"product_tag-60-hz","13":"product_tag-carpigiani","14":"product_tag-congelador-por-lotes","15":"product_tag-hard-o-dynamic","16":"product_tag-refrigerado-por-agua","17":"product_tag-teorema","19":"first","20":"instock","21":"taxable","22":"shipping-taxable","23":"product-type-simple"},"_links":{"self":[{"href":"https:\/\/baluna.com\/es\/wp-json\/wp\/v2\/product\/1891","targetHints":{"allow":["GET"]}}],"collection":[{"href":"https:\/\/baluna.com\/es\/wp-json\/wp\/v2\/product"}],"about":[{"href":"https:\/\/baluna.com\/es\/wp-json\/wp\/v2\/types\/product"}],"replies":[{"embeddable":true,"href":"https:\/\/baluna.com\/es\/wp-json\/wp\/v2\/comments?post=1891"}],"wp:featuredmedia":[{"embeddable":true,"href":"https:\/\/baluna.com\/es\/wp-json\/wp\/v2\/media\/3581"}],"wp:attachment":[{"href":"https:\/\/baluna.com\/es\/wp-json\/wp\/v2\/media?parent=1891"}],"wp:term":[{"taxonomy":"product_brand","embeddable":true,"href":"https:\/\/baluna.com\/es\/wp-json\/wp\/v2\/product_brand?post=1891"},{"taxonomy":"product_cat","embeddable":true,"href":"https:\/\/baluna.com\/es\/wp-json\/wp\/v2\/product_cat?post=1891"},{"taxonomy":"product_tag","embeddable":true,"href":"https:\/\/baluna.com\/es\/wp-json\/wp\/v2\/product_tag?post=1891"}],"curies":[{"name":"wp","href":"https:\/\/api.w.org\/{rel}","templated":true}]}}