{"id":1889,"date":"2025-11-14T15:29:22","date_gmt":"2025-11-14T15:29:22","guid":{"rendered":"https:\/\/baluna.katakoscreativo.com\/?post_type=product&#038;p=1889"},"modified":"2026-04-09T15:17:12","modified_gmt":"2026-04-09T15:17:12","slug":"carpigiani-lb-302-g-rtx-tru-2","status":"publish","type":"product","link":"https:\/\/baluna.com\/es\/product\/carpigiani-lb-302-g-rtx-tru-2\/","title":{"rendered":"Carpigiani LB 302 G RTX TRU 2"},"content":{"rendered":"<p><strong>Innovaci\u00f3n heladera con doble impacto<\/strong><\/p>\n<p><strong>Redefiniendo la excelencia en helado artesanal con la Carpigiani LB 302 G RTX TRU 2<\/strong><\/p>\n<p>Descubre la <strong>Carpigiani LB 302 G RTX TRU 2<\/strong>, una obra maestra de la tecnolog\u00eda de helader\u00eda que promete transformar cada rinc\u00f3n de tu negocio de postres congelados. Este modelo no solo representa la calidad y la tradici\u00f3n de Carpigiani, sino que tambi\u00e9n simboliza la innovaci\u00f3n y la versatilidad en el mundo del helado artesanal.<\/p>\n<p><strong>Doble capacidad, doble delicia:<\/strong><\/p>\n<p>Con la capacidad de manejar dos sabores a la vez, la <strong>LB 302 G RTX TRU 2<\/strong> duplica tu potencial de producci\u00f3n sin comprometer la famosa calidad de Carpigiani. Perfecta para aquellos que buscan eficiencia y diversidad en su oferta de sabores, esta m\u00e1quina permite a los heladeros artesanales destacar en un mercado competitivo.<\/p>\n<p><strong>Tecnolog\u00eda de vanguardia:<\/strong><\/p>\n<p>La tecnolog\u00eda <strong>TRU 2<\/strong> garantiza una congelaci\u00f3n precisa y uniforme, proporcionando una textura y consistencia inigualables. Con esta m\u00e1quina, los heladeros pueden ajustar la textura del helado a su preferencia, creando postres suaves, ricos y cremosos que deleitan a cada cliente.<\/p>\n<p><strong>Un dise\u00f1o que inspira creatividad:<\/strong><\/p>\n<p>La <strong>LB 302 G RTX TRU 2<\/strong> ha sido dise\u00f1ada no solo para ser eficiente, sino tambi\u00e9n para inspirar creatividad. Su interfaz intuitiva y las caracter\u00edsticas ajustables permiten a los chefs experimentar con nuevos sabores y texturas, ampliando las fronteras del helado artesanal.<\/p>\n<p><strong>Eficiencia y sostenibilidad:<\/strong><\/p>\n<p>Comprometida con la eficiencia energ\u00e9tica y la sostenibilidad, la <strong>LB 302 G RTX TRU 2<\/strong> es una opci\u00f3n inteligente para los negocios conscientes del medio ambiente. Su funcionamiento optimizado reduce el consumo de energ\u00eda, minimizando la huella de carbono mientras ahorra costos.<\/p>\n<p>Descargar <a href=\"http:\/\/baluna.com\/wp-content\/uploads\/2023\/11\/LB-302-RTX-G-Tru-2_01-2023_Standard-US_LR.pdf\">Ficha T\u00e9cnica<\/a><\/p>\n","protected":false},"excerpt":{"rendered":"<p>Una obra maestra de la tecnolog\u00eda de helader\u00eda que promete transformar cada rinc\u00f3n de tu negocio de postres congelados. Este modelo no solo representa la calidad y la tradici\u00f3n de Carpigiani, sino que tambi\u00e9n simboliza la innovaci\u00f3n y la versatilidad en el mundo del helado artesanal.<\/p>\n","protected":false},"featured_media":1919,"comment_status":"open","ping_status":"closed","template":"","meta":[],"product_brand":[],"product_cat":[605,35,627],"product_tag":[513,37,26,27,515,525,38],"class_list":{"0":"post-1889","1":"product","2":"type-product","3":"status-publish","4":"has-post-thumbnail","6":"product_cat-equipos","7":"product_cat-gelato","8":"product_cat-produccion","9":"product_tag-208-230-voltios","10":"product_tag-3-fases","11":"product_tag-60-hz","12":"product_tag-carpigiani","13":"product_tag-congelador-por-lotes","14":"product_tag-refrigerado-por-aire","15":"product_tag-tru-2","17":"first","18":"instock","19":"taxable","20":"shipping-taxable","21":"product-type-simple"},"_links":{"self":[{"href":"https:\/\/baluna.com\/es\/wp-json\/wp\/v2\/product\/1889","targetHints":{"allow":["GET"]}}],"collection":[{"href":"https:\/\/baluna.com\/es\/wp-json\/wp\/v2\/product"}],"about":[{"href":"https:\/\/baluna.com\/es\/wp-json\/wp\/v2\/types\/product"}],"replies":[{"embeddable":true,"href":"https:\/\/baluna.com\/es\/wp-json\/wp\/v2\/comments?post=1889"}],"wp:featuredmedia":[{"embeddable":true,"href":"https:\/\/baluna.com\/es\/wp-json\/wp\/v2\/media\/1919"}],"wp:attachment":[{"href":"https:\/\/baluna.com\/es\/wp-json\/wp\/v2\/media?parent=1889"}],"wp:term":[{"taxonomy":"product_brand","embeddable":true,"href":"https:\/\/baluna.com\/es\/wp-json\/wp\/v2\/product_brand?post=1889"},{"taxonomy":"product_cat","embeddable":true,"href":"https:\/\/baluna.com\/es\/wp-json\/wp\/v2\/product_cat?post=1889"},{"taxonomy":"product_tag","embeddable":true,"href":"https:\/\/baluna.com\/es\/wp-json\/wp\/v2\/product_tag?post=1889"}],"curies":[{"name":"wp","href":"https:\/\/api.w.org\/{rel}","templated":true}]}}