{"id":1888,"date":"2025-11-14T15:29:22","date_gmt":"2025-11-14T15:29:22","guid":{"rendered":"https:\/\/baluna.katakoscreativo.com\/?post_type=product&#038;p=1888"},"modified":"2026-04-09T15:17:11","modified_gmt":"2026-04-09T15:17:11","slug":"carpigiani-freeze-go","status":"publish","type":"product","link":"https:\/\/baluna.com\/es\/product\/carpigiani-freeze-go\/","title":{"rendered":"Carpigiani Freeze &#038; Go"},"content":{"rendered":"<p><strong>Innovaci\u00f3n y calidad en un peque\u00f1o paquete<\/strong><\/p>\r\n<p>El mundo del helado y gelato artesanal ha experimentado una revoluci\u00f3n con la introducci\u00f3n del Carpigiani Freeze &amp; Go. Esta m\u00e1quina compacta y silenciosa es la soluci\u00f3n perfecta para aquellos con espacio limitado pero que desean ofrecer un gelato artesanal de alta calidad a sus clientes.<\/p>\r\n<p><strong>Caracter\u00edsticas destacadas del Carpigiani Freeze &amp; Go:<\/strong><\/p>\r\n<ul>\r\n<li><strong>Versatilidad:<\/strong> El Freeze &amp; Go es capaz de producir una variedad de postres congelados, desde helados y gelatos hasta sorbetes y yogures congelados.<\/li>\r\n<li><strong>Dise\u00f1o compacto:<\/strong> Su dise\u00f1o de mostrador lo hace ideal para espacios reducidos, permitiendo a los establecimientos ofrecer gelato artesanal sin la necesidad de una gran infraestructura.<\/li>\r\n<li><strong>R\u00e1pido y eficiente:<\/strong> En solo unos minutos, el gelato est\u00e1 listo para ser servido, lo que lo hace perfecto para restaurantes y cafeter\u00edas que desean ofrecer postres frescos al instante.<\/li>\r\n<li><strong>F\u00e1cil de usar:<\/strong> Con solo tres sencillos pasos, puedes tener un postre congelado fresco y delicioso. Solo tienes que verter la mezcla refrigerada en la taza de mezcla, presionar el bot\u00f3n y servir.<\/li>\r\n<li><strong>Bajo consumo el\u00e9ctrico:<\/strong> A pesar de su potencia, el Freeze &amp; Go es eficiente en t\u00e9rminos de consumo el\u00e9ctrico, lo que lo hace amigable con el medio ambiente y con tu bolsillo.<\/li>\r\n<\/ul>\r\n<p><strong>El gelato artesanal al alcance de todos:<\/strong><\/p>\r\n<p>Carpigiani Freeze &amp; Go destaca la facilidad con la que se puede utilizar. Con su dise\u00f1o silencioso y eficiente, es la soluci\u00f3n perfecta para aquellos que desean agregar gelato artesanal a su men\u00fa sin la necesidad de una gran inversi\u00f3n o espacio.<\/p>\r\n<p><strong>Conclusi\u00f3n:<\/strong><\/p>\r\n<p>El Carpigiani Freeze &amp; Go es una verdadera joya en el mundo del helado y gelato artesanal. Su dise\u00f1o compacto, facilidad de uso y eficiencia lo convierten en una herramienta esencial para cualquier establecimiento que desee ofrecer postres congelados de alta calidad.<\/p>\r\n<p><span style=\"color: #555555;\">Descargar <a href=\"http:\/\/baluna.com\/wp-content\/uploads\/2023\/10\/FreezeGo_06-2022_Ice-Cream-US_LR.pdf\">Ficha T\u00e9cnica<\/a><\/span><\/p>\r\n","protected":false},"excerpt":{"rendered":"<p>El Carpigiani Freeze &amp; Go es una verdadera joya en el mundo del helado y gelato artesanal. Su dise\u00f1o compacto, facilidad de uso y eficiencia lo convierten en una herramienta esencial para cualquier establecimiento que desee ofrecer postres congelados de alta calidad.<\/p>\n","protected":false},"featured_media":1018,"comment_status":"open","ping_status":"closed","template":"","meta":[],"product_brand":[],"product_cat":[605,35,627],"product_tag":[480,26,27,515,525],"class_list":{"0":"post-1888","1":"product","2":"type-product","3":"status-publish","4":"has-post-thumbnail","6":"product_cat-equipos","7":"product_cat-gelato","8":"product_cat-produccion","9":"product_tag-1-fase","10":"product_tag-60-hz","11":"product_tag-carpigiani","12":"product_tag-congelador-por-lotes","13":"product_tag-refrigerado-por-aire","15":"first","16":"instock","17":"featured","18":"taxable","19":"shipping-taxable","20":"product-type-simple"},"_links":{"self":[{"href":"https:\/\/baluna.com\/es\/wp-json\/wp\/v2\/product\/1888","targetHints":{"allow":["GET"]}}],"collection":[{"href":"https:\/\/baluna.com\/es\/wp-json\/wp\/v2\/product"}],"about":[{"href":"https:\/\/baluna.com\/es\/wp-json\/wp\/v2\/types\/product"}],"replies":[{"embeddable":true,"href":"https:\/\/baluna.com\/es\/wp-json\/wp\/v2\/comments?post=1888"}],"wp:featuredmedia":[{"embeddable":true,"href":"https:\/\/baluna.com\/es\/wp-json\/wp\/v2\/media\/1018"}],"wp:attachment":[{"href":"https:\/\/baluna.com\/es\/wp-json\/wp\/v2\/media?parent=1888"}],"wp:term":[{"taxonomy":"product_brand","embeddable":true,"href":"https:\/\/baluna.com\/es\/wp-json\/wp\/v2\/product_brand?post=1888"},{"taxonomy":"product_cat","embeddable":true,"href":"https:\/\/baluna.com\/es\/wp-json\/wp\/v2\/product_cat?post=1888"},{"taxonomy":"product_tag","embeddable":true,"href":"https:\/\/baluna.com\/es\/wp-json\/wp\/v2\/product_tag?post=1888"}],"curies":[{"name":"wp","href":"https:\/\/api.w.org\/{rel}","templated":true}]}}