{"id":1887,"date":"2025-11-14T15:29:22","date_gmt":"2025-11-14T15:29:22","guid":{"rendered":"https:\/\/baluna.katakoscreativo.com\/?post_type=product&#038;p=1887"},"modified":"2026-04-09T15:17:11","modified_gmt":"2026-04-09T15:17:11","slug":"carpigiani-lb-100-b","status":"publish","type":"product","link":"https:\/\/baluna.com\/es\/product\/carpigiani-lb-100-b\/","title":{"rendered":"Carpigiani LB 100 B"},"content":{"rendered":"<p><strong>La Excelencia en helados y gelatos al alcance de tu mostrador<\/strong><\/p>\r\n<p>Los amantes del helado y el gelato saben que la calidad del producto final depende en gran medida del equipo utilizado en su producci\u00f3n. Es aqu\u00ed donde el Carpigiani LB 100 B se destaca, ofreciendo una soluci\u00f3n de mostrador que combina la tradici\u00f3n y calidad de Carpigiani con la innovaci\u00f3n tecnol\u00f3gica.<\/p>\r\n<p><strong>Caracter\u00edsticas destacadas:<\/strong><\/p>\r\n<p>El <strong>Carpigiani LB 100 B<\/strong> es un congelador de mostrador dise\u00f1ado espec\u00edficamente para la producci\u00f3n de helados, gelatos y sorbetes. Algunas de sus caracter\u00edsticas m\u00e1s destacadas incluyen:<\/p>\r\n<ul>\r\n<li><strong>Versatilidad:<\/strong> Capaz de producir postres congelados utilizando tanto recetas cl\u00e1sicas como modernas de alta cocina.<\/li>\r\n<li><strong>Rendimiento:<\/strong> Produce hasta 3 litros de helado o gelato en solo 10 minutos.<\/li>\r\n<li><strong>Facilidad de uso:<\/strong> Con un solo interruptor de control, facilita la producci\u00f3n, extracci\u00f3n y limpieza.<\/li>\r\n<li><strong>Funciones adicionales:<\/strong> Cuenta con una funci\u00f3n de limpieza pospuesta y una puerta aislante con cerradura de seguridad.<\/li>\r\n<li><strong>Dise\u00f1o compacto:<\/strong> Su dise\u00f1o de mostrador permite su colocaci\u00f3n en la mayor\u00eda de las encimeras de cocina, y su funcionamiento con energ\u00eda monof\u00e1sica lo hace adecuado para casi cualquier entorno.<\/li>\r\n<\/ul>\r\n<p><strong>Beneficios en el mundo gastron\u00f3mico:<\/strong><\/p>\r\n<p>El <strong>Carpigiani LB 100 B<\/strong> no solo es una herramienta esencial para helader\u00edas, sino tambi\u00e9n para restaurantes y servicios de catering que buscan ofrecer helados y gelatos de calidad. Adem\u00e1s, para aquellos en Canad\u00e1, el congelador est\u00e1 disponible para entrega gratuita en cualquier lugar del pa\u00eds.<\/p>\r\n<p><strong>Conclusi\u00f3n:<\/strong><\/p>\r\n<p>El <strong>Carpigiani LB 100 B<\/strong> representa la combinaci\u00f3n perfecta de tradici\u00f3n y tecnolog\u00eda, ofreciendo a los profesionales y aficionados una herramienta confiable y eficiente para la producci\u00f3n de helados y gelatos de alta calidad. Ya sea que est\u00e9s buscando expandir tu oferta de productos o simplemente quieras disfrutar de un helado casero perfecto, el Caprigiani LB 100 B es la elecci\u00f3n ideal.<\/p>\r\n<p>Descargar <a href=\"http:\/\/baluna.com\/wp-content\/uploads\/2023\/10\/LB-100B_06-2022_Ice-Cream-US_LR.pdf\">Ficha T\u00e9cnica<\/a><\/p>\r\n","protected":false},"excerpt":{"rendered":"<p>Los amantes del helado y el gelato saben que la calidad del producto final depende en gran medida del equipo utilizado en su producci\u00f3n. Es aqu\u00ed donde el Carpigiani LB 100 B se destaca, ofreciendo una soluci\u00f3n de mostrador que combina la tradici\u00f3n y calidad de Carpigiani con la innovaci\u00f3n tecnol\u00f3gica.<\/p>\n","protected":false},"featured_media":1016,"comment_status":"open","ping_status":"closed","template":"","meta":[],"product_brand":[],"product_cat":[605,35,627],"product_tag":[480,484,26,27,515,525],"class_list":{"0":"post-1887","1":"product","2":"type-product","3":"status-publish","4":"has-post-thumbnail","6":"product_cat-equipos","7":"product_cat-gelato","8":"product_cat-produccion","9":"product_tag-1-fase","10":"product_tag-115-voltios","11":"product_tag-60-hz","12":"product_tag-carpigiani","13":"product_tag-congelador-por-lotes","14":"product_tag-refrigerado-por-aire","16":"first","17":"instock","18":"featured","19":"taxable","20":"shipping-taxable","21":"product-type-simple"},"_links":{"self":[{"href":"https:\/\/baluna.com\/es\/wp-json\/wp\/v2\/product\/1887","targetHints":{"allow":["GET"]}}],"collection":[{"href":"https:\/\/baluna.com\/es\/wp-json\/wp\/v2\/product"}],"about":[{"href":"https:\/\/baluna.com\/es\/wp-json\/wp\/v2\/types\/product"}],"replies":[{"embeddable":true,"href":"https:\/\/baluna.com\/es\/wp-json\/wp\/v2\/comments?post=1887"}],"wp:featuredmedia":[{"embeddable":true,"href":"https:\/\/baluna.com\/es\/wp-json\/wp\/v2\/media\/1016"}],"wp:attachment":[{"href":"https:\/\/baluna.com\/es\/wp-json\/wp\/v2\/media?parent=1887"}],"wp:term":[{"taxonomy":"product_brand","embeddable":true,"href":"https:\/\/baluna.com\/es\/wp-json\/wp\/v2\/product_brand?post=1887"},{"taxonomy":"product_cat","embeddable":true,"href":"https:\/\/baluna.com\/es\/wp-json\/wp\/v2\/product_cat?post=1887"},{"taxonomy":"product_tag","embeddable":true,"href":"https:\/\/baluna.com\/es\/wp-json\/wp\/v2\/product_tag?post=1887"}],"curies":[{"name":"wp","href":"https:\/\/api.w.org\/{rel}","templated":true}]}}