{"id":1885,"date":"2025-11-14T15:29:22","date_gmt":"2025-11-14T15:29:22","guid":{"rendered":"https:\/\/baluna.katakoscreativo.com\/?post_type=product&#038;p=1885"},"modified":"2025-12-29T21:57:48","modified_gmt":"2025-12-29T21:57:48","slug":"carpigiani-stainless-steel-base-cabinet","status":"publish","type":"product","link":"https:\/\/baluna.com\/es\/product\/carpigiani-stainless-steel-base-cabinet\/","title":{"rendered":"Carpigiani Mueble de Acero Inoxidable"},"content":{"rendered":"<p>Carpigiani STAINLESS STEEL BASE CABINET: Maximiza la Movilidad y Conveniencia de Tu M\u00e1quina de Helados<\/p>\n<p>La Base Perfecta para las M\u00e1quinas de Helados Carpigiani 193 y Mister Art<\/p>\n<p><strong>Descripci\u00f3n general del producto<\/strong><\/p>\n<p>El carro de acero inoxidable Carpigiani es una soluci\u00f3n innovadora dise\u00f1ada para aumentar la movilidad y la comodidad en el uso de las m\u00e1quinas de helado suave de las series 193 y Mister Art. Espec\u00edficamente creado para sostener las m\u00e1quinas de helado suave de mostrador Carpigiani 193 y Mister Art Plus, este carro transforma cualquier espacio en un \u00e1rea de trabajo vers\u00e1til. En lugar de colocar tu m\u00e1quina en un mostrador fijo, situarla en este carro te permite mover tu m\u00e1quina de helados para su reorganizaci\u00f3n y limpieza regular.<\/p>\n<p><strong>Construcci\u00f3n duradera y dise\u00f1o funcional<\/strong><\/p>\n<p>Este carro cuenta con una construcci\u00f3n robusta de acero inoxidable, dise\u00f1ada para resistir un uso riguroso. Sus cuatro ruedas no solo a\u00f1aden movilidad a tu establecimiento, sino que tambi\u00e9n facilitan el desplazamiento de la m\u00e1quina al momento de limpiar. Esto ayuda a evitar el gasto de tiempo y esfuerzo tratando de mover m\u00e1quinas pesadas manualmente. Adem\u00e1s, el carro incluye un gabinete para espacio de almacenamiento adicional, que viene con cerradura y llave para mantener tu inventario seguro y protegido en espacios con clientes.<\/p>\n<p><strong>Dimensiones y especificaciones t\u00e9cnicas<\/strong><\/p>\n<p>El carro de acero inoxidable Carpigiani tiene las siguientes dimensiones:<br \/>\n&#8211; Ancho: 21 5\/16&#8243; (54.1 cm)<br \/>\n&#8211; Profundidad: 28 5\/8&#8243; (72.7 cm)<br \/>\n&#8211; Altura: 30&#8243; (76.2 cm)<\/p>\n<p>Estas medidas aseguran que el carro se adapte perfectamente a las necesidades de tu negocio, proporcionando un soporte estable y seguro para tu m\u00e1quina de helados.<\/p>\n<p><strong>Resumen: funcionalidad, durabilidad y seguridad para tu negocio de helados<\/strong><\/p>\n<p>El carro de acero inoxidable Carpigiani es una inversi\u00f3n inteligente para cualquier negocio de helados. Ofrece una soluci\u00f3n pr\u00e1ctica y eficiente para manejar y almacenar tu m\u00e1quina de helados suave Carpigiani. Su robusta construcci\u00f3n de acero inoxidable garantiza durabilidad, mientras que las ruedas y el gabinete con cerradura a\u00f1aden una capa extra de funcionalidad y seguridad. Este carro no solo facilitar\u00e1 tus operaciones diarias, sino que tambi\u00e9n mejorar\u00e1 la presentaci\u00f3n y eficiencia de tu espacio de trabajo.<\/p>\n","protected":false},"excerpt":{"rendered":"<p>El carro de acero inoxidable Carpigiani es una soluci\u00f3n innovadora dise\u00f1ada para aumentar la movilidad y la comodidad en el uso de las m\u00e1quinas de helado suave de las series 193 y Mister Art. Espec\u00edficamente creado para sostener las m\u00e1quinas de helado suave de mostrador Carpigiani 193 y Mister Art Plus, este carro transforma cualquier espacio en un \u00e1rea de trabajo vers\u00e1til.<\/p>\n","protected":false},"featured_media":167,"comment_status":"open","ping_status":"closed","template":"","meta":[],"product_brand":[],"product_cat":[206],"product_tag":[30,31,27],"class_list":{"0":"post-1885","1":"product","2":"type-product","3":"status-publish","4":"has-post-thumbnail","6":"product_cat-accesorios","7":"product_tag-accesorio","8":"product_tag-accesorios","9":"product_tag-carpigiani","11":"first","12":"instock","13":"taxable","14":"shipping-taxable","15":"product-type-simple"},"_links":{"self":[{"href":"https:\/\/baluna.com\/es\/wp-json\/wp\/v2\/product\/1885","targetHints":{"allow":["GET"]}}],"collection":[{"href":"https:\/\/baluna.com\/es\/wp-json\/wp\/v2\/product"}],"about":[{"href":"https:\/\/baluna.com\/es\/wp-json\/wp\/v2\/types\/product"}],"replies":[{"embeddable":true,"href":"https:\/\/baluna.com\/es\/wp-json\/wp\/v2\/comments?post=1885"}],"wp:featuredmedia":[{"embeddable":true,"href":"https:\/\/baluna.com\/es\/wp-json\/wp\/v2\/media\/167"}],"wp:attachment":[{"href":"https:\/\/baluna.com\/es\/wp-json\/wp\/v2\/media?parent=1885"}],"wp:term":[{"taxonomy":"product_brand","embeddable":true,"href":"https:\/\/baluna.com\/es\/wp-json\/wp\/v2\/product_brand?post=1885"},{"taxonomy":"product_cat","embeddable":true,"href":"https:\/\/baluna.com\/es\/wp-json\/wp\/v2\/product_cat?post=1885"},{"taxonomy":"product_tag","embeddable":true,"href":"https:\/\/baluna.com\/es\/wp-json\/wp\/v2\/product_tag?post=1885"}],"curies":[{"name":"wp","href":"https:\/\/api.w.org\/{rel}","templated":true}]}}