{"id":1882,"date":"2025-11-14T15:29:21","date_gmt":"2025-11-14T15:29:21","guid":{"rendered":"https:\/\/baluna.katakoscreativo.com\/?post_type=product&#038;p=1882"},"modified":"2025-11-18T16:28:32","modified_gmt":"2025-11-18T16:28:32","slug":"puerta-dispensadora-carpigiani-ready","status":"publish","type":"product","link":"https:\/\/baluna.com\/es\/product\/puerta-dispensadora-carpigiani-ready\/","title":{"rendered":"Puerta dispensadora Carpigiani Ready"},"content":{"rendered":"<p><strong>Revolucione su Forma de Servir Gelato<\/strong><\/p>\n<p><strong>Innovaci\u00f3n y Eficiencia con Carpigiani READY Dispensing Door<\/strong><\/p>\n<p><strong>Redefina la Forma de Servir Gelato con Carpigiani READY Dispensing Door<\/strong><\/p>\n<p>El Carpigiani READY Dispensing Door le invita a reimaginar la manera en que sirve gelato. Dise\u00f1ado espec\u00edficamente para adaptarse a sus congeladores de lotes Ready G y Ready G Tru-2, esta puerta transforma completamente el proceso de llenado de moldes y porcionado en vasos para llevar y envases para venta al por menor. Con el Carpigiani READY Dispensing Door, servir gelato es m\u00e1s f\u00e1cil y r\u00e1pido que nunca, lo que le permite ahorrar tiempo y energ\u00eda.<\/p>\n<p><strong>Caracter\u00edsticas Destacadas y Beneficios<\/strong><\/p>\n<p><strong>F\u00e1cil Llenado de Moldes y Porcionado:\u00a0<\/strong>Esta puerta dispensadora es una herramienta esencial para cualquier negocio de gelato, facilitando significativamente el llenado de moldes y el porcionado en vasos y envases. Su dise\u00f1o intuitivo y eficiente hace que servir gelato sea un proceso sencillo y sin complicaciones.<\/p>\n<p><strong>Ahorro de Tiempo y Energ\u00eda:\u00a0<\/strong>Con el Carpigiani READY Dispensing Door, experimentar\u00e1 un notable ahorro de tiempo y esfuerzo en su operaci\u00f3n diaria. Esta eficiencia mejorada le permite atender a m\u00e1s clientes y expandir su negocio con menos recursos.<\/p>\n<p><strong>Puerta Removible para Limpieza Profunda:\u00a0<\/strong>La higiene es un aspecto crucial en la industria alimentaria. Este dispensador no solo es f\u00e1cil de usar, sino que tambi\u00e9n es removible, permitiendo una limpieza profunda y eficiente. Esto garantiza que su equipo se mantenga en las mejores condiciones higi\u00e9nicas posibles.<\/p>\n<p><strong>Expansi\u00f3n del Negocio de Comida para Llevar y Venta al por Menor:\u00a0<\/strong>El Carpigiani READY Dispensing Door es la adici\u00f3n perfecta para expandir las facetas de comida para llevar y venta al por menor de su negocio. Con esta herramienta, puede ofrecer gelato en una variedad de presentaciones, aumentando su alcance y atractivo en el mercado.<\/p>\n","protected":false},"excerpt":{"rendered":"<p>Dise\u00f1ado espec\u00edficamente para adaptarse a sus congeladores de lotes Ready G y Ready G Tru-2, esta puerta transforma completamente el proceso de llenado de moldes y porcionado en vasos para llevar y envases para venta al por menor.<\/p>\n","protected":false},"featured_media":165,"comment_status":"open","ping_status":"closed","template":"","meta":[],"product_brand":[],"product_cat":[206],"product_tag":[30,31,27],"class_list":{"0":"post-1882","1":"product","2":"type-product","3":"status-publish","4":"has-post-thumbnail","6":"product_cat-accesorios","7":"product_tag-accesorio","8":"product_tag-accesorios","9":"product_tag-carpigiani","11":"first","12":"instock","13":"sale","14":"taxable","15":"shipping-taxable","16":"purchasable","17":"product-type-simple"},"_links":{"self":[{"href":"https:\/\/baluna.com\/es\/wp-json\/wp\/v2\/product\/1882","targetHints":{"allow":["GET"]}}],"collection":[{"href":"https:\/\/baluna.com\/es\/wp-json\/wp\/v2\/product"}],"about":[{"href":"https:\/\/baluna.com\/es\/wp-json\/wp\/v2\/types\/product"}],"replies":[{"embeddable":true,"href":"https:\/\/baluna.com\/es\/wp-json\/wp\/v2\/comments?post=1882"}],"wp:featuredmedia":[{"embeddable":true,"href":"https:\/\/baluna.com\/es\/wp-json\/wp\/v2\/media\/165"}],"wp:attachment":[{"href":"https:\/\/baluna.com\/es\/wp-json\/wp\/v2\/media?parent=1882"}],"wp:term":[{"taxonomy":"product_brand","embeddable":true,"href":"https:\/\/baluna.com\/es\/wp-json\/wp\/v2\/product_brand?post=1882"},{"taxonomy":"product_cat","embeddable":true,"href":"https:\/\/baluna.com\/es\/wp-json\/wp\/v2\/product_cat?post=1882"},{"taxonomy":"product_tag","embeddable":true,"href":"https:\/\/baluna.com\/es\/wp-json\/wp\/v2\/product_tag?post=1882"}],"curies":[{"name":"wp","href":"https:\/\/api.w.org\/{rel}","templated":true}]}}