{"id":1876,"date":"2025-11-14T15:29:20","date_gmt":"2025-11-14T15:29:20","guid":{"rendered":"https:\/\/baluna.katakoscreativo.com\/?post_type=product&#038;p=1876"},"modified":"2026-04-10T12:32:09","modified_gmt":"2026-04-10T12:32:09","slug":"carpigiani-kw-50","status":"publish","type":"product","link":"https:\/\/baluna.com\/es\/product\/carpigiani-kw-50\/","title":{"rendered":"Carpigiani KW 50"},"content":{"rendered":"<p><strong>Excelencia en Crema Batida<\/strong><\/p>\n<p><strong>Innovaci\u00f3n y Calidad en Cada Porci\u00f3n con la Carpigiani KW 50<\/strong><\/p>\n<p>La <strong>Carpigiani KW 50<\/strong> es el pin\u00e1culo de la innovaci\u00f3n en el \u00e1mbito de los dispensadores de crema batida, dise\u00f1ado para transformar la crema en el toque final perfecto para cualquier postre o bebida. Este cl\u00e1sico de la ingenier\u00eda Carpigiani se ha convertido en el est\u00e1ndar de oro para los chefs y baristas que exigen consistencia y calidad sin compromisos.<\/p>\n<p><strong>Rendimiento de Vanguardia:<\/strong><\/p>\n<p>Equipada con el Texturizador Patentado de Carpigiani, la <strong>KW 50<\/strong> introduce aire de manera r\u00e1pida y homog\u00e9nea, obteniendo una crema batida ideal, con la textura y el cuerpo que los paladares m\u00e1s exigentes esperan. La capacidad de ajustar la bomba para cambiar la cantidad de aire incorporado proporciona una versatilidad sin igual, permitiendo a los profesionales personalizar la densidad y el volumen de la crema a su gusto.<\/p>\n<p><strong>Calidad Intransigente:<\/strong><\/p>\n<p>La <strong>Carpigiani KW 50<\/strong> maneja con destreza tanto cremas pesadas como alternativas no l\u00e1cteas, garantizando una flexibilidad excepcional en cualquier cocina. Adem\u00e1s, su sistema permite a\u00f1adir sabores directamente a la crema, como vainilla, chocolate y variedades estacionales, abriendo un universo de posibilidades creativas para innovar en el men\u00fa.<\/p>\n<p><strong>Conveniencia Superior:<\/strong><\/p>\n<p>El dise\u00f1o intuitivo de la <strong>KW 50<\/strong> permite una operaci\u00f3n sencilla con solo pulsar un bot\u00f3n. Su naturaleza aut\u00f3noma, libre de conexiones de plomer\u00eda, la hace ideal para cualquier entorno, desde cafeter\u00edas acogedoras hasta cocinas de alta gama. La facilidad de uso se combina con la excelencia en la ejecuci\u00f3n, haciendo de la KW 50 un componente esencial en la preparaci\u00f3n de alimentos y bebidas.<\/p>\n<p><strong>Dise\u00f1o Inteligente y Elegante:<\/strong><\/p>\n<p>El dispensador de crema batida <strong>Carpigiani KW 50<\/strong>, con su est\u00e9tica moderna y acabado profesional, es una obra de arte funcional. No solo es una joya visual en cualquier establecimiento, sino que su dise\u00f1o compacto y eficiente facilita la integraci\u00f3n en espacios con limitaciones de tama\u00f1o sin sacrificar la accesibilidad o la funcionalidad.<\/p>\n<p><strong>Sostenibilidad y Eficiencia:<\/strong><\/p>\n<p>En l\u00ednea con el compromiso de <strong>Carpigiani<\/strong> con la sostenibilidad, la <strong>KW 50<\/strong> es un modelo de eficiencia energ\u00e9tica. Su operaci\u00f3n optimizada reduce el consumo de energ\u00eda, contribuyendo a un perfil medioambiental m\u00e1s limpio y a un ahorro considerable en costos de operaci\u00f3n a largo plazo.<\/p>\n<p><strong>Especificaciones T\u00e9cnicas:<\/strong><\/p>\n<p>Con una construcci\u00f3n robusta y componentes de la m\u00e1s alta calidad, la<strong> Carpigiani KW 50<\/strong> es sin\u00f3nimo de durabilidad. Sus especificaciones t\u00e9cnicas son un testimonio de la atenci\u00f3n al detalle que Carpigiani invierte en cada producto, asegurando que cada m\u00e1quina cumpla con los est\u00e1ndares m\u00e1s exigentes de la industria.<\/p>\n<p>Descargar <a href=\"http:\/\/baluna.com\/wp-content\/uploads\/2023\/11\/KW-50_01-2023_Standard-US_LR.pdf\">Ficha t\u00e9cnica<\/a><\/p>\n","protected":false},"excerpt":{"rendered":"<p>Es el pin\u00e1culo de la innovaci\u00f3n en el \u00e1mbito de los dispensadores de crema batida, dise\u00f1ado para transformar la crema en el toque final perfecto para cualquier postre o bebida.<\/p>\n<p>&nbsp;<\/p>\n","protected":false},"featured_media":154,"comment_status":"open","ping_status":"closed","template":"","meta":[],"product_brand":[],"product_cat":[605,33,627],"product_tag":[480,484,34,26,27,525],"class_list":{"0":"post-1876","1":"product","2":"type-product","3":"status-publish","4":"has-post-thumbnail","6":"product_cat-equipos","7":"product_cat-pasteleria-y-praline","8":"product_cat-produccion","9":"product_tag-1-fase","10":"product_tag-115-voltios","11":"product_tag-15-amperios","12":"product_tag-60-hz","13":"product_tag-carpigiani","14":"product_tag-refrigerado-por-aire","16":"first","17":"instock","18":"taxable","19":"shipping-taxable","20":"product-type-simple"},"_links":{"self":[{"href":"https:\/\/baluna.com\/es\/wp-json\/wp\/v2\/product\/1876","targetHints":{"allow":["GET"]}}],"collection":[{"href":"https:\/\/baluna.com\/es\/wp-json\/wp\/v2\/product"}],"about":[{"href":"https:\/\/baluna.com\/es\/wp-json\/wp\/v2\/types\/product"}],"replies":[{"embeddable":true,"href":"https:\/\/baluna.com\/es\/wp-json\/wp\/v2\/comments?post=1876"}],"wp:featuredmedia":[{"embeddable":true,"href":"https:\/\/baluna.com\/es\/wp-json\/wp\/v2\/media\/154"}],"wp:attachment":[{"href":"https:\/\/baluna.com\/es\/wp-json\/wp\/v2\/media?parent=1876"}],"wp:term":[{"taxonomy":"product_brand","embeddable":true,"href":"https:\/\/baluna.com\/es\/wp-json\/wp\/v2\/product_brand?post=1876"},{"taxonomy":"product_cat","embeddable":true,"href":"https:\/\/baluna.com\/es\/wp-json\/wp\/v2\/product_cat?post=1876"},{"taxonomy":"product_tag","embeddable":true,"href":"https:\/\/baluna.com\/es\/wp-json\/wp\/v2\/product_tag?post=1876"}],"curies":[{"name":"wp","href":"https:\/\/api.w.org\/{rel}","templated":true}]}}