{"id":1873,"date":"2025-11-14T15:29:19","date_gmt":"2025-11-14T15:29:19","guid":{"rendered":"https:\/\/baluna.katakoscreativo.com\/?post_type=product&#038;p=1873"},"modified":"2025-12-29T22:00:45","modified_gmt":"2025-12-29T22:00:45","slug":"carpigiani-turbomix","status":"publish","type":"product","link":"https:\/\/baluna.com\/es\/product\/carpigiani-turbomix\/","title":{"rendered":"Carpigiani Turbomix*"},"content":{"rendered":"<p><strong>Carpigiani Turbomix Vertical Blender<\/strong><\/p>\n<p>El mundo de la gastronom\u00eda y la reposter\u00eda ha evolucionado a pasos agigantados, y con \u00e9l, la necesidad de herramientas que ofrezcan precisi\u00f3n, eficiencia y calidad. En este contexto, el <strong>Carpigiani Turbomix Vertical Blender<\/strong> emerge como una soluci\u00f3n revolucionaria para profesionales y entusiastas de la cocina.<\/p>\n<p><strong>Relevancia de la Carpigiani Turbomix:<\/strong><\/p>\n<p>El<strong> Carpigiani Turbomix<\/strong> no es solo una batidora, es una obra maestra de la ingenier\u00eda culinaria. Dise\u00f1ada para transformar ingredientes en texturas suaves y homog\u00e9neas, esta batidora vertical se destaca por su capacidad para emulsionar, batir, mezclar y descomponer ingredientes con una precisi\u00f3n inigualable. Ya sea que est\u00e9s preparando una mezcla de helado gourmet, una salsa delicada o un pur\u00e9 de frutas frescas, el Turbomix garantiza resultados consistentes y de alta calidad en cada uso.<\/p>\n<figure id=\"attachment_2306\" aria-describedby=\"caption-attachment-2306\" style=\"width: 280px\" class=\"wp-caption alignleft\"><img fetchpriority=\"high\" decoding=\"async\" class=\"wp-image-2306 size-thumbnail\" src=\"http:\/\/baluna.com\/wp-content\/uploads\/2023\/10\/Baluna-Accesorios-Carpigiani-Turbomix-3-280x280.jpg\" alt=\"Baluna - Foto - Carpigiani - Turbomix\" width=\"280\" height=\"280\" \/><figcaption id=\"caption-attachment-2306\" class=\"wp-caption-text\">Carpigiani Turbomix la batidora vertical que revoluciona la cocina profesional. Emulsiona, bate y mezcla con precisi\u00f3n inigualable \u00a1creaciones top!<\/figcaption><\/figure>\n<p><strong>Atractivo:<\/strong><\/p>\n<p>Pero, \u00bfqu\u00e9 hace que el Carpigiani Turbomix sea tan especial? Su dise\u00f1o intuitivo y caracter\u00edsticas avanzadas lo convierten en una herramienta indispensable en cualquier cocina moderna. Con velocidades variables y cortadores de emulsificaci\u00f3n, puedes tener la certeza de que cada ingrediente se procesar\u00e1 a la perfecci\u00f3n. Adem\u00e1s, su cortador de frutas opcional es ideal para transformar frutas enteras en pur\u00e9s sedosos en cuesti\u00f3n de segundos.<\/p>\n<p><strong>Estructura y Funcionalidad:<\/strong><\/p>\n<ul>\n<li><strong>Seguridad Primero:<\/strong> Una caracter\u00edstica distintiva es su sistema de seguridad, que solo permite que la batidora funcione cuando detecta que ambas manos est\u00e1n en las asas de control.<\/li>\n<li><strong>Versatilidad en Movimiento:<\/strong> Su brazo motor tiene un rango vertical impresionante y puede oscilar 360 grados horizontalmente, garantizando una mezcla uniforme.<\/li>\n<li><strong>Control Total:<\/strong> El panel de control es sencillo y eficiente, con un bot\u00f3n de encendido\/apagado, temporizador, barra LED para controlar la velocidad y un bot\u00f3n de parada de emergencia.<\/li>\n<\/ul>\n<p>Descargar <a href=\"http:\/\/baluna.com\/wp-content\/uploads\/2023\/10\/Turbomix_06-2021_Standard-US_LR.pdf\">Ficha T\u00e9cnica<\/a>\u00a0 Descargar <a href=\"http:\/\/baluna.com\/wp-content\/uploads\/2023\/10\/Turbomix_Catalog_06-2021_Standard-US_LR.pdf\">Cat\u00e1logo\u00a0<\/a><\/p>\n","protected":false},"excerpt":{"rendered":"<p><strong>Carpigiani Turbomix<\/strong> la batidora vertical que revoluciona la cocina profesional. Emulsiona, bate y mezcla con precisi\u00f3n inigualable. \u00a1Eleva tus creaciones culinarias al siguiente nivel!<\/p>\n","protected":false},"featured_media":144,"comment_status":"open","ping_status":"closed","template":"","meta":[],"product_brand":[],"product_cat":[605,442,627],"product_tag":[480,25,26,27,28],"class_list":{"0":"post-1873","1":"product","2":"type-product","3":"status-publish","4":"has-post-thumbnail","6":"product_cat-equipos","7":"product_cat-mezcladoras","8":"product_cat-produccion","9":"product_tag-1-fase","10":"product_tag-208-230-voltios-2","11":"product_tag-60-hz","12":"product_tag-carpigiani","13":"product_tag-refrigerado-por-aire-2","15":"first","16":"instock","17":"taxable","18":"shipping-taxable","19":"product-type-simple"},"_links":{"self":[{"href":"https:\/\/baluna.com\/es\/wp-json\/wp\/v2\/product\/1873","targetHints":{"allow":["GET"]}}],"collection":[{"href":"https:\/\/baluna.com\/es\/wp-json\/wp\/v2\/product"}],"about":[{"href":"https:\/\/baluna.com\/es\/wp-json\/wp\/v2\/types\/product"}],"replies":[{"embeddable":true,"href":"https:\/\/baluna.com\/es\/wp-json\/wp\/v2\/comments?post=1873"}],"wp:featuredmedia":[{"embeddable":true,"href":"https:\/\/baluna.com\/es\/wp-json\/wp\/v2\/media\/144"}],"wp:attachment":[{"href":"https:\/\/baluna.com\/es\/wp-json\/wp\/v2\/media?parent=1873"}],"wp:term":[{"taxonomy":"product_brand","embeddable":true,"href":"https:\/\/baluna.com\/es\/wp-json\/wp\/v2\/product_brand?post=1873"},{"taxonomy":"product_cat","embeddable":true,"href":"https:\/\/baluna.com\/es\/wp-json\/wp\/v2\/product_cat?post=1873"},{"taxonomy":"product_tag","embeddable":true,"href":"https:\/\/baluna.com\/es\/wp-json\/wp\/v2\/product_tag?post=1873"}],"curies":[{"name":"wp","href":"https:\/\/api.w.org\/{rel}","templated":true}]}}